{"id":4197,"date":"2018-11-26T17:16:36","date_gmt":"2018-11-26T16:16:36","guid":{"rendered":"https:\/\/smartpv.es\/aviso-legal\/"},"modified":"2024-05-08T11:20:48","modified_gmt":"2024-05-08T09:20:48","slug":"aviso-legal","status":"publish","type":"page","link":"https:\/\/smartpv.es\/pt-pt\/aviso-legal\/","title":{"rendered":"Aviso legal"},"content":{"rendered":"<p>Este aviso legal\/impress\u00e3o foi atualizado pela \u00faltima vez em 8 de maio de 2024.<\/p>\n<p>O propriet\u00e1rio deste site \u00e9:<\/p>\n<p>SMART PHOTOVOLTAIC SYSTEMS S.L.<br \/>\nRua Maur\u00edcio Rave, 21 29130<br \/>\nAlhaurin de la Torre<br \/>\n(M\u00e1laga)<br \/>\nEspanha<br \/>\nE-Mail: fw@smartpv.es<br \/>\nN\u00famero de telefone: +34 657 123 513<br \/>\nCIF (N\u00famero IVA): B93738714<\/p>\n","protected":false},"excerpt":{"rendered":"<p>Este aviso legal\/impress\u00e3o foi atualizado pela \u00faltima vez em 8 de maio de 2024. O propriet\u00e1rio deste site \u00e9: SMART PHOTOVOLTAIC SYSTEMS S.L. Rua Maur\u00edcio Rave, 21 29130 Alhaurin de la Torre (M\u00e1laga) Espanha E-Mail: fw@smartpv.es N\u00famero de telefone: +34 657 123 513 CIF (N\u00famero IVA): B93738714<\/p>\n","protected":false},"author":11,"featured_media":0,"parent":0,"menu_order":0,"comment_status":"closed","ping_status":"closed","template":"","meta":{"footnotes":""},"_links":{"self":[{"href":"https:\/\/smartpv.es\/pt-pt\/wp-json\/wp\/v2\/pages\/4197"}],"collection":[{"href":"https:\/\/smartpv.es\/pt-pt\/wp-json\/wp\/v2\/pages"}],"about":[{"href":"https:\/\/smartpv.es\/pt-pt\/wp-json\/wp\/v2\/types\/page"}],"author":[{"embeddable":true,"href":"https:\/\/smartpv.es\/pt-pt\/wp-json\/wp\/v2\/users\/11"}],"replies":[{"embeddable":true,"href":"https:\/\/smartpv.es\/pt-pt\/wp-json\/wp\/v2\/comments?post=4197"}],"version-history":[{"count":1,"href":"https:\/\/smartpv.es\/pt-pt\/wp-json\/wp\/v2\/pages\/4197\/revisions"}],"predecessor-version":[{"id":4204,"href":"https:\/\/smartpv.es\/pt-pt\/wp-json\/wp\/v2\/pages\/4197\/revisions\/4204"}],"wp:attachment":[{"href":"https:\/\/smartpv.es\/pt-pt\/wp-json\/wp\/v2\/media?parent=4197"}],"curies":[{"name":"wp","href":"https:\/\/api.w.org\/{rel}","templated":true}]}}