{"id":4192,"date":"2024-05-08T11:01:26","date_gmt":"2024-05-08T09:01:26","guid":{"rendered":"https:\/\/smartpv.es\/mention-legale\/"},"modified":"2024-05-08T15:12:08","modified_gmt":"2024-05-08T13:12:08","slug":"mention-legale","status":"publish","type":"page","link":"https:\/\/smartpv.es\/fr\/mention-legale\/","title":{"rendered":"Mention l\u00e9gale"},"content":{"rendered":"<p><i>Este aviso legal \/ imprint fue actualizado por \u00faltima vez el 8 mayo, 2024.<\/i><\/p>\n<p class=\"cmplz-subtitle\">El propietario de esta web es:<\/p>\n<p>SMART PHOTOVOLTAIC SYSTEMS S.L.<br \/>\nCalle Maurice Rave, 21 29130<br \/>\nAlhaur\u00edn de la Torre<br \/>\n(M\u00e1laga)<br \/>\nEspa\u00f1a<br \/>\nCorreo electr\u00f3nico:\u00a0<span class=\"cmplz-obfuscate\">fw@smartpv.es<\/span><br \/>\nN\u00famero de tel\u00e9fono: +34 657 123 513<br \/>\nCIF (N\u00famero de IVA):\u00a0B93738714<\/p>\n","protected":false},"excerpt":{"rendered":"<p>Este aviso legal \/ imprint fue actualizado por \u00faltima vez el 8 mayo, 2024. El propietario de esta web es: SMART PHOTOVOLTAIC SYSTEMS S.L. Calle Maurice Rave, 21 29130 Alhaur\u00edn de la Torre (M\u00e1laga) Espa\u00f1a Correo electr\u00f3nico:\u00a0fw@smartpv.es N\u00famero de tel\u00e9fono: +34 657 123 513 CIF (N\u00famero de IVA):\u00a0B93738714<\/p>\n","protected":false},"author":11,"featured_media":0,"parent":0,"menu_order":0,"comment_status":"closed","ping_status":"closed","template":"","meta":{"footnotes":""},"_links":{"self":[{"href":"https:\/\/smartpv.es\/fr\/wp-json\/wp\/v2\/pages\/4192"}],"collection":[{"href":"https:\/\/smartpv.es\/fr\/wp-json\/wp\/v2\/pages"}],"about":[{"href":"https:\/\/smartpv.es\/fr\/wp-json\/wp\/v2\/types\/page"}],"author":[{"embeddable":true,"href":"https:\/\/smartpv.es\/fr\/wp-json\/wp\/v2\/users\/11"}],"replies":[{"embeddable":true,"href":"https:\/\/smartpv.es\/fr\/wp-json\/wp\/v2\/comments?post=4192"}],"version-history":[{"count":4,"href":"https:\/\/smartpv.es\/fr\/wp-json\/wp\/v2\/pages\/4192\/revisions"}],"predecessor-version":[{"id":4224,"href":"https:\/\/smartpv.es\/fr\/wp-json\/wp\/v2\/pages\/4192\/revisions\/4224"}],"wp:attachment":[{"href":"https:\/\/smartpv.es\/fr\/wp-json\/wp\/v2\/media?parent=4192"}],"curies":[{"name":"wp","href":"https:\/\/api.w.org\/{rel}","templated":true}]}}