{"id":3363,"date":"2023-07-15T17:59:43","date_gmt":"2023-07-15T15:59:43","guid":{"rendered":"https:\/\/smartpv.es\/nous-vous-appelons\/"},"modified":"2024-05-30T11:02:26","modified_gmt":"2024-05-30T09:02:26","slug":"nous-vous-appelons","status":"publish","type":"page","link":"https:\/\/smartpv.es\/fr\/nous-vous-appelons\/","title":{"rendered":"NOUS VOUS APPELONS"},"content":{"rendered":"\t\t<div data-elementor-type=\"wp-page\" data-elementor-id=\"3363\" class=\"elementor elementor-3363 elementor-1235\" data-elementor-post-type=\"page\">\n\t\t\t\t\t\t<section class=\"elementor-section elementor-top-section elementor-element elementor-element-92669db elementor-section-content-middle elementor-section-stretched elementor-section-boxed elementor-section-height-default elementor-section-height-default\" data-id=\"92669db\" data-element_type=\"section\" data-settings=\"{&quot;background_background&quot;:&quot;classic&quot;,&quot;stretch_section&quot;:&quot;section-stretched&quot;}\">\n\t\t\t\t\t\t\t<div class=\"elementor-background-overlay\"><\/div>\n\t\t\t\t\t\t\t<div class=\"elementor-container elementor-column-gap-default\">\n\t\t\t\t\t<div class=\"elementor-column elementor-col-100 elementor-top-column elementor-element elementor-element-9a2ad01\" data-id=\"9a2ad01\" data-element_type=\"column\" data-settings=\"{&quot;background_background&quot;:&quot;classic&quot;}\">\n\t\t\t<div class=\"elementor-widget-wrap elementor-element-populated\">\n\t\t\t\t\t<div class=\"elementor-background-overlay\"><\/div>\n\t\t\t\t\t\t<div class=\"elementor-element elementor-element-b6bcc77 elementor-widget elementor-widget-heading\" data-id=\"b6bcc77\" data-element_type=\"widget\" data-widget_type=\"heading.default\">\n\t\t\t\t<div class=\"elementor-widget-container\">\n\t\t\t\t\t<h1 class=\"elementor-heading-title elementor-size-default\">Nous vous appelons<\/h1>\t\t\t\t<\/div>\n\t\t\t\t<\/div>\n\t\t\t\t<div class=\"elementor-element elementor-element-f5008fb elementor-widget elementor-widget-heading\" data-id=\"f5008fb\" data-element_type=\"widget\" data-widget_type=\"heading.default\">\n\t\t\t\t<div class=\"elementor-widget-container\">\n\t\t\t\t\t<h2 class=\"elementor-heading-title elementor-size-default\">Avez-vous des doutes? Nous serons heureux de r\u00e9pondre \u00e0 toutes vos questions.<\/h2>\t\t\t\t<\/div>\n\t\t\t\t<\/div>\n\t\t\t\t\t<\/div>\n\t\t<\/div>\n\t\t\t\t\t<\/div>\n\t\t<\/section>\n\t\t\t\t<section class=\"elementor-section elementor-top-section elementor-element elementor-element-6f60a2cc elementor-section-boxed elementor-section-height-default elementor-section-height-default\" data-id=\"6f60a2cc\" data-element_type=\"section\" data-settings=\"{&quot;background_background&quot;:&quot;classic&quot;}\">\n\t\t\t\t\t\t\t<div class=\"elementor-background-overlay\"><\/div>\n\t\t\t\t\t\t\t<div class=\"elementor-container elementor-column-gap-no\">\n\t\t\t\t\t<div class=\"elementor-column elementor-col-100 elementor-top-column elementor-element elementor-element-78b2a829\" data-id=\"78b2a829\" data-element_type=\"column\" data-settings=\"{&quot;background_background&quot;:&quot;classic&quot;}\">\n\t\t\t<div class=\"elementor-widget-wrap elementor-element-populated\">\n\t\t\t\t\t\t<div class=\"elementor-element elementor-element-19474cf5 elementor-button-align-start elementor-widget elementor-widget-form\" data-id=\"19474cf5\" data-element_type=\"widget\" data-settings=\"{&quot;step_next_label&quot;:&quot;suivant&quot;,&quot;step_previous_label&quot;:&quot;pr\\u00e9c\\u00e9dent&quot;,&quot;button_width&quot;:&quot;100&quot;,&quot;step_type&quot;:&quot;number_text&quot;,&quot;step_icon_shape&quot;:&quot;circle&quot;}\" data-widget_type=\"form.default\">\n\t\t\t\t<div class=\"elementor-widget-container\">\n\t\t\t\t\t\t\t<form class=\"elementor-form\" method=\"post\" name=\"Contact Form\" aria-label=\"Contact Form\">\n\t\t\t<input type=\"hidden\" name=\"post_id\" value=\"3363\"\/>\n\t\t\t<input type=\"hidden\" name=\"form_id\" value=\"19474cf5\"\/>\n\t\t\t<input type=\"hidden\" name=\"referer_title\" value=\"\" \/>\n\n\t\t\t\n\t\t\t<div class=\"elementor-form-fields-wrapper elementor-labels-above\">\n\t\t\t\t\t\t\t\t<div class=\"elementor-field-type-text elementor-field-group elementor-column elementor-field-group-field_436f233 elementor-col-100 elementor-field-required\">\n\t\t\t\t\t\t\t\t\t\t\t\t<label for=\"form-field-field_436f233\" class=\"elementor-field-label\">\n\t\t\t\t\t\t\t\tNom*\t\t\t\t\t\t\t<\/label>\n\t\t\t\t\t\t\t\t\t\t\t\t\t\t<input size=\"1\" type=\"text\" name=\"form_fields[field_436f233]\" id=\"form-field-field_436f233\" class=\"elementor-field elementor-size-md  elementor-field-textual\" required=\"required\">\n\t\t\t\t\t\t\t\t\t\t\t<\/div>\n\t\t\t\t\t\t\t\t<div class=\"elementor-field-type-select elementor-field-group elementor-column elementor-field-group-field_f18660e elementor-col-100 elementor-field-required\">\n\t\t\t\t\t\t\t\t\t\t\t\t<label for=\"form-field-field_f18660e\" class=\"elementor-field-label\">\n\t\t\t\t\t\t\t\tDans quel cr\u00e9neau horaire pr\u00e9f\u00e9rez-vous que l'on vous appelle ?* : \t\t\t\t\t\t\t<\/label>\n\t\t\t\t\t\t\t\t<div class=\"elementor-field elementor-select-wrapper remove-before \">\n\t\t\t<div class=\"select-caret-down-wrapper\">\n\t\t\t\t<i aria-hidden=\"true\" class=\"eicon-caret-down\"><\/i>\t\t\t<\/div>\n\t\t\t<select name=\"form_fields[field_f18660e]\" id=\"form-field-field_f18660e\" class=\"elementor-field-textual elementor-size-md\" required=\"required\">\n\t\t\t\t\t\t\t\t\t<option value=\"choisir une heure\">choisir une heure<\/option>\n\t\t\t\t\t\t\t\t\t<option value=\"8h \u00e0 11h\">8h \u00e0 11h<\/option>\n\t\t\t\t\t\t\t\t\t<option value=\"11h \u00e0 14h\">11h \u00e0 14h<\/option>\n\t\t\t\t\t\t\t\t\t<option value=\"14h \u00e0 17h\">14h \u00e0 17h<\/option>\n\t\t\t\t\t\t\t\t\t<option value=\"17h \u00e0 20h\">17h \u00e0 20h<\/option>\n\t\t\t\t\t\t\t\t\t<option value=\"\"><\/option>\n\t\t\t\t\t\t\t<\/select>\n\t\t<\/div>\n\t\t\t\t\t\t<\/div>\n\t\t\t\t\t\t\t\t<div class=\"elementor-field-type-select elementor-field-group elementor-column elementor-field-group-field_5209b0b elementor-col-100 elementor-field-required\">\n\t\t\t\t\t\t\t\t\t\t\t\t<label for=\"form-field-field_5209b0b\" class=\"elementor-field-label\">\n\t\t\t\t\t\t\t\tQuel service vous int\u00e9resse?*:\t\t\t\t\t\t\t<\/label>\n\t\t\t\t\t\t\t\t<div class=\"elementor-field elementor-select-wrapper remove-before \">\n\t\t\t<div class=\"select-caret-down-wrapper\">\n\t\t\t\t<i aria-hidden=\"true\" class=\"eicon-caret-down\"><\/i>\t\t\t<\/div>\n\t\t\t<select name=\"form_fields[field_5209b0b]\" id=\"form-field-field_5209b0b\" class=\"elementor-field-textual elementor-size-md\" required=\"required\">\n\t\t\t\t\t\t\t\t\t<option value=\"S\u00e9lectionner un service\">S\u00e9lectionner un service<\/option>\n\t\t\t\t\t\t\t\t\t<option value=\"Installation dans une maison\">Installation dans une maison<\/option>\n\t\t\t\t\t\t\t\t\t<option value=\"Installation dans un commerce\">Installation dans un commerce<\/option>\n\t\t\t\t\t\t\t\t\t<option value=\"Installation industrielle\">Installation industrielle<\/option>\n\t\t\t\t\t\t\t\t\t<option value=\"Maintenance\">Maintenance<\/option>\n\t\t\t\t\t\t\t\t\t<option value=\"\"><\/option>\n\t\t\t\t\t\t\t<\/select>\n\t\t<\/div>\n\t\t\t\t\t\t<\/div>\n\t\t\t\t\t\t\t\t<div class=\"elementor-field-type-tel elementor-field-group elementor-column elementor-field-group-field_13f8176 elementor-col-50 elementor-field-required\">\n\t\t\t\t\t\t\t\t\t\t\t\t<label for=\"form-field-field_13f8176\" class=\"elementor-field-label\">\n\t\t\t\t\t\t\t\tT\u00e9l\u00e9phone*\t\t\t\t\t\t\t<\/label>\n\t\t\t\t\t\t\t\t<input size=\"1\" type=\"tel\" name=\"form_fields[field_13f8176]\" id=\"form-field-field_13f8176\" class=\"elementor-field elementor-size-md  elementor-field-textual\" required=\"required\" pattern=\"[0-9()#&amp;+*-=.]+\" title=\"Seuls les caract\u00e8res de num\u00e9ros de t\u00e9l\u00e9phone (#, -, *, etc.) sont accept\u00e9s.\">\n\n\t\t\t\t\t\t<\/div>\n\t\t\t\t\t\t\t\t<div class=\"elementor-field-type-email elementor-field-group elementor-column elementor-field-group-field_77746ef elementor-col-50 elementor-field-required\">\n\t\t\t\t\t\t\t\t\t\t\t\t<label for=\"form-field-field_77746ef\" class=\"elementor-field-label\">\n\t\t\t\t\t\t\t\tE-mail*\t\t\t\t\t\t\t<\/label>\n\t\t\t\t\t\t\t\t\t\t\t\t\t\t<input size=\"1\" type=\"email\" name=\"form_fields[field_77746ef]\" id=\"form-field-field_77746ef\" class=\"elementor-field elementor-size-md  elementor-field-textual\" required=\"required\">\n\t\t\t\t\t\t\t\t\t\t\t<\/div>\n\t\t\t\t\t\t\t\t<div class=\"elementor-field-type-textarea elementor-field-group elementor-column elementor-field-group-field_8fc8fef elementor-col-100\">\n\t\t\t\t\t\t\t\t\t\t\t\t<label for=\"form-field-field_8fc8fef\" class=\"elementor-field-label\">\n\t\t\t\t\t\t\t\tAjoutez toute question ou commentaire:\t\t\t\t\t\t\t<\/label>\n\t\t\t\t\t\t<textarea class=\"elementor-field-textual elementor-field  elementor-size-md\" name=\"form_fields[field_8fc8fef]\" id=\"form-field-field_8fc8fef\" rows=\"5\"><\/textarea>\t\t\t\t<\/div>\n\t\t\t\t\t\t\t\t<div class=\"elementor-field-type-acceptance elementor-field-group elementor-column elementor-field-group-field_721b35e elementor-col-100 elementor-field-required\">\n\t\t\t\t\t\t\t<div class=\"elementor-field-subgroup\">\n\t\t\t<span class=\"elementor-field-option\">\n\t\t\t\t<input type=\"checkbox\" name=\"form_fields[field_721b35e]\" id=\"form-field-field_721b35e\" class=\"elementor-field elementor-size-md  elementor-acceptance-field\" required=\"required\">\n\t\t\t\t<label for=\"form-field-field_721b35e\">J'ai lu et j'accepte la <span style=\"color: #99cc00;\"><a style=\"color: #000000;\" href=\"https:\/\/jjventanas.josemiguelburgos.es\/politica-de-privacidad\/\" target=\"_blank\" rel=\"nofollow noopener\">politique de confidentialit\u00e9<\/a><\/span><\/label>\t\t\t<\/span>\n\t\t<\/div>\n\t\t\t\t\t\t<\/div>\n\t\t\t\t\t\t\t\t<div class=\"elementor-field-type-hidden elementor-field-group elementor-column elementor-field-group-field_31ac272 elementor-col-100\">\n\t\t\t\t\t\t\t\t\t\t\t\t\t<input size=\"1\" type=\"hidden\" name=\"form_fields[field_31ac272]\" id=\"form-field-field_31ac272\" class=\"elementor-field elementor-size-md  elementor-field-textual\" value=\"Acepto pol\u00edtica de privacidad\">\n\t\t\t\t\t\t\t\t\t\t\t<\/div>\n\t\t\t\t\t\t\t\t<div class=\"elementor-field-type-text\">\n\t\t\t\t\t<input size=\"1\" type=\"text\" name=\"form_fields[field_180bc75]\" id=\"form-field-field_180bc75\" class=\"elementor-field elementor-size-md \" style=\"display:none !important;\">\t\t\t\t<\/div>\n\t\t\t\t\t\t\t\t<div class=\"elementor-field-type-acceptance elementor-field-group elementor-column elementor-field-group-field_1882780 elementor-col-100\">\n\t\t\t\t\t\t\t<div class=\"elementor-field-subgroup\">\n\t\t\t<span class=\"elementor-field-option\">\n\t\t\t\t<input type=\"checkbox\" name=\"form_fields[field_1882780]\" id=\"form-field-field_1882780\" class=\"elementor-field elementor-size-md  elementor-acceptance-field\" checked=\"checked\">\n\t\t\t\t<label for=\"form-field-field_1882780\">Nous n'utiliserons ces donn\u00e9es que pour vous appeler et r\u00e9pondre \u00e0 vos questions.<\/label>\t\t\t<\/span>\n\t\t<\/div>\n\t\t\t\t\t\t<\/div>\n\t\t\t\t\t\t\t\t<div class=\"elementor-field-group elementor-column elementor-field-type-submit elementor-col-100 e-form__buttons\">\n\t\t\t\t\t<button class=\"elementor-button elementor-size-xl\" type=\"submit\">\n\t\t\t\t\t\t<span class=\"elementor-button-content-wrapper\">\n\t\t\t\t\t\t\t\t\t\t\t\t\t\t\t<span class=\"elementor-button-icon\">\n\t\t\t\t\t\t\t\t\t<i aria-hidden=\"true\" class=\"fas fa-phone-volume\"><\/i>\t\t\t\t\t\t\t\t\t\t\t\t\t\t\t\t\t<\/span>\n\t\t\t\t\t\t\t\t\t\t\t\t\t\t\t\t\t\t\t\t\t\t<span class=\"elementor-button-text\">APPELEZ-MOI<\/span>\n\t\t\t\t\t\t\t\t\t\t\t\t\t<\/span>\n\t\t\t\t\t<\/button>\n\t\t\t\t<\/div>\n\t\t\t<\/div>\n\t\t<\/form>\n\t\t\t\t\t\t<\/div>\n\t\t\t\t<\/div>\n\t\t\t\t\t<\/div>\n\t\t<\/div>\n\t\t\t\t\t<\/div>\n\t\t<\/section>\n\t\t\t\t<\/div>\n\t\t","protected":false},"excerpt":{"rendered":"<p>Nous vous appelons Avez-vous des doutes? Nous serons heureux de r\u00e9pondre \u00e0 toutes vos questions.<\/p>\n","protected":false},"author":11,"featured_media":0,"parent":0,"menu_order":0,"comment_status":"closed","ping_status":"closed","template":"","meta":{"footnotes":""},"_links":{"self":[{"href":"https:\/\/smartpv.es\/fr\/wp-json\/wp\/v2\/pages\/3363"}],"collection":[{"href":"https:\/\/smartpv.es\/fr\/wp-json\/wp\/v2\/pages"}],"about":[{"href":"https:\/\/smartpv.es\/fr\/wp-json\/wp\/v2\/types\/page"}],"author":[{"embeddable":true,"href":"https:\/\/smartpv.es\/fr\/wp-json\/wp\/v2\/users\/11"}],"replies":[{"embeddable":true,"href":"https:\/\/smartpv.es\/fr\/wp-json\/wp\/v2\/comments?post=3363"}],"version-history":[{"count":4,"href":"https:\/\/smartpv.es\/fr\/wp-json\/wp\/v2\/pages\/3363\/revisions"}],"predecessor-version":[{"id":4465,"href":"https:\/\/smartpv.es\/fr\/wp-json\/wp\/v2\/pages\/3363\/revisions\/4465"}],"wp:attachment":[{"href":"https:\/\/smartpv.es\/fr\/wp-json\/wp\/v2\/media?parent=3363"}],"curies":[{"name":"wp","href":"https:\/\/api.w.org\/{rel}","templated":true}]}}